{"id":3996,"date":"2020-06-23T20:40:18","date_gmt":"2020-06-23T18:40:18","guid":{"rendered":"https:\/\/wohnbau-weilheim.de\/?page_id=3996"},"modified":"2024-06-25T09:36:21","modified_gmt":"2024-06-25T07:36:21","slug":"penzberg","status":"publish","type":"page","link":"https:\/\/wohnbau-weilheim.de\/en\/u%cc%88ber-uns\/wohnanlagen\/penzberg\/","title":{"rendered":"Penzberg"},"content":{"rendered":"\n<br class=\"clear\">\n\n\n\n<h2 class=\"wp-block-heading\"><strong>Penzberg<\/strong><\/h2>\n\n\n\n<br class=\"clear\">\n\n\n\n<br class=\"clear\">\n\n\n\n<p class=\"has-text-align-left\">With around 16,909 inhabitants, the town of Penzberg is situated in the Upper Bavarian<br>district of Weilheim-Schongau. It is situated around 600 m above sea level and covers an area of 25.72 km\u00b2.<\/p>\n\n\n\n<br class=\"clear\">\n\n\n\n<p class=\"has-text-align-left\">The joint management of the 20 municipal regions is located at Karlstra\u00dfe 25, 82377 Penzberg.<\/p>\n\n\n\n<br class=\"clear\">\n\n\n\n<p class=\"has-text-align-left\">Around 370 apartments are rented out in Penzberg. The apartments are situated in the Steigenberg district (Gl\u00fcck-Auf-Stra\u00dfe, Krottenkopfstra\u00dfe), in Neue Heimat, in the town centre (Karlstra\u00dfe, Friedrich-Ebert-Stra\u00dfe, Karl\/Philippstra\u00dfe, Maistra\u00dfe) and managed in Breitfilz. Our company\u2019s apartments are typically allocated by the town council contracting authority as well as the Weilheim-Schongau administration office and managed by Wohnbau Weilheim.<\/p>\n\n\n\n<br class=\"clear\">\n\n\n\n<p class=\"has-text-align-left\"><a rel=\"noreferrer noopener\" href=\"https:\/\/www.penzberg.de\/\" target=\"_blank\">Link to Penzberg district homepage<\/a><\/p>\n\n\n\n<br class=\"clear\">\n\n\n<div class='white' style='background:#fafafa; border:solid 1px #f0f0f0; border-radius:5px; padding:8px 8px 8px 8px;'>\n<div id='sample_slider' class='owl-carousel sa_owl_theme owl-pagination-true autohide-arrows' data-slider-id='sample_slider' style='visibility:hidden;'>\n<div id='sample_slider_slide06' class='sa_hover_container' style='padding:5% 5%; margin:0px 0%; background-color:rgb(217, 234, 211); '><p><img loading=\"lazy\" decoding=\"async\" class=\"alignnone size-medium wp-image-3382 aligncenter\" src=\"https:\/\/wohnbau-weilheim.de\/wp-content\/uploads\/2020\/05\/BM-063-Neue-Heimat-1-16-Penzberg-2016-5-k-300x200.jpg\" alt=\"\" width=\"300\" height=\"200\" srcset=\"https:\/\/wohnbau-weilheim.de\/wp-content\/uploads\/2020\/05\/BM-063-Neue-Heimat-1-16-Penzberg-2016-5-k-300x200.jpg 300w, https:\/\/wohnbau-weilheim.de\/wp-content\/uploads\/2020\/05\/BM-063-Neue-Heimat-1-16-Penzberg-2016-5-k-1024x682.jpg 1024w, https:\/\/wohnbau-weilheim.de\/wp-content\/uploads\/2020\/05\/BM-063-Neue-Heimat-1-16-Penzberg-2016-5-k-768x512.jpg 768w, https:\/\/wohnbau-weilheim.de\/wp-content\/uploads\/2020\/05\/BM-063-Neue-Heimat-1-16-Penzberg-2016-5-k-1536x1023.jpg 1536w, https:\/\/wohnbau-weilheim.de\/wp-content\/uploads\/2020\/05\/BM-063-Neue-Heimat-1-16-Penzberg-2016-5-k-1621x1080.jpg 1621w, https:\/\/wohnbau-weilheim.de\/wp-content\/uploads\/2020\/05\/BM-063-Neue-Heimat-1-16-Penzberg-2016-5-k.jpg 1732w\" sizes=\"(max-width: 300px) 100vw, 300px\" \/><\/p><\/div>\n<div id='sample_slider_slide10' class='sa_hover_container' style='padding:5% 5%; margin:0px 0%; background-color:rgb(217, 234, 211); '><p><img loading=\"lazy\" decoding=\"async\" class=\"alignnone size-medium wp-image-3386 aligncenter\" src=\"https:\/\/wohnbau-weilheim.de\/wp-content\/uploads\/2020\/05\/BM-072-2016-Hochfeldstr.-2224-Walserstr.-1315-Penzberg-13-k-300x200.jpg\" alt=\"\" width=\"300\" height=\"200\" srcset=\"https:\/\/wohnbau-weilheim.de\/wp-content\/uploads\/2020\/05\/BM-072-2016-Hochfeldstr.-2224-Walserstr.-1315-Penzberg-13-k-300x200.jpg 300w, https:\/\/wohnbau-weilheim.de\/wp-content\/uploads\/2020\/05\/BM-072-2016-Hochfeldstr.-2224-Walserstr.-1315-Penzberg-13-k-1024x682.jpg 1024w, https:\/\/wohnbau-weilheim.de\/wp-content\/uploads\/2020\/05\/BM-072-2016-Hochfeldstr.-2224-Walserstr.-1315-Penzberg-13-k-768x512.jpg 768w, https:\/\/wohnbau-weilheim.de\/wp-content\/uploads\/2020\/05\/BM-072-2016-Hochfeldstr.-2224-Walserstr.-1315-Penzberg-13-k-1536x1023.jpg 1536w, https:\/\/wohnbau-weilheim.de\/wp-content\/uploads\/2020\/05\/BM-072-2016-Hochfeldstr.-2224-Walserstr.-1315-Penzberg-13-k-1621x1080.jpg 1621w, https:\/\/wohnbau-weilheim.de\/wp-content\/uploads\/2020\/05\/BM-072-2016-Hochfeldstr.-2224-Walserstr.-1315-Penzberg-13-k.jpg 1732w\" sizes=\"(max-width: 300px) 100vw, 300px\" \/><\/p><\/div>\n<div id='sample_slider_slide03' class='sa_hover_container' style='padding:5% 5%; margin:0px 0%; background-color:rgb(217, 234, 211); '><p><img loading=\"lazy\" decoding=\"async\" class=\"alignnone size-medium wp-image-3378 aligncenter\" src=\"https:\/\/wohnbau-weilheim.de\/wp-content\/uploads\/2020\/05\/BM-009-Krottenkopfstr.-1357-Penzberg-2016-4-k-300x200.jpg\" alt=\"\" width=\"300\" height=\"200\" srcset=\"https:\/\/wohnbau-weilheim.de\/wp-content\/uploads\/2020\/05\/BM-009-Krottenkopfstr.-1357-Penzberg-2016-4-k-300x200.jpg 300w, https:\/\/wohnbau-weilheim.de\/wp-content\/uploads\/2020\/05\/BM-009-Krottenkopfstr.-1357-Penzberg-2016-4-k-1024x682.jpg 1024w, https:\/\/wohnbau-weilheim.de\/wp-content\/uploads\/2020\/05\/BM-009-Krottenkopfstr.-1357-Penzberg-2016-4-k-768x512.jpg 768w, https:\/\/wohnbau-weilheim.de\/wp-content\/uploads\/2020\/05\/BM-009-Krottenkopfstr.-1357-Penzberg-2016-4-k-1536x1023.jpg 1536w, https:\/\/wohnbau-weilheim.de\/wp-content\/uploads\/2020\/05\/BM-009-Krottenkopfstr.-1357-Penzberg-2016-4-k-1621x1080.jpg 1621w, https:\/\/wohnbau-weilheim.de\/wp-content\/uploads\/2020\/05\/BM-009-Krottenkopfstr.-1357-Penzberg-2016-4-k.jpg 1732w\" sizes=\"(max-width: 300px) 100vw, 300px\" \/><\/p><\/div>\n<div id='sample_slider_slide01' class='sa_hover_container' style='padding:5% 5%; margin:0px 0%; background-color:rgb(217, 234, 211); '><p><img loading=\"lazy\" decoding=\"async\" class=\"alignnone size-medium wp-image-3376 aligncenter\" src=\"https:\/\/wohnbau-weilheim.de\/wp-content\/uploads\/2020\/05\/BM-009-Krottenkopfstr.-1357-Penzberg-2016-1-k-300x200.jpg\" alt=\"\" width=\"300\" height=\"200\" srcset=\"https:\/\/wohnbau-weilheim.de\/wp-content\/uploads\/2020\/05\/BM-009-Krottenkopfstr.-1357-Penzberg-2016-1-k-300x200.jpg 300w, https:\/\/wohnbau-weilheim.de\/wp-content\/uploads\/2020\/05\/BM-009-Krottenkopfstr.-1357-Penzberg-2016-1-k-1024x682.jpg 1024w, https:\/\/wohnbau-weilheim.de\/wp-content\/uploads\/2020\/05\/BM-009-Krottenkopfstr.-1357-Penzberg-2016-1-k-768x512.jpg 768w, https:\/\/wohnbau-weilheim.de\/wp-content\/uploads\/2020\/05\/BM-009-Krottenkopfstr.-1357-Penzberg-2016-1-k-1536x1023.jpg 1536w, https:\/\/wohnbau-weilheim.de\/wp-content\/uploads\/2020\/05\/BM-009-Krottenkopfstr.-1357-Penzberg-2016-1-k-1621x1080.jpg 1621w, https:\/\/wohnbau-weilheim.de\/wp-content\/uploads\/2020\/05\/BM-009-Krottenkopfstr.-1357-Penzberg-2016-1-k.jpg 1732w\" sizes=\"(max-width: 300px) 100vw, 300px\" \/><\/p><\/div>\n<div id='sample_slider_slide08' class='sa_hover_container' style='padding:5% 5%; margin:0px 0%; background-color:rgb(217, 234, 211); '><p><img loading=\"lazy\" decoding=\"async\" class=\"alignnone size-medium wp-image-3384 aligncenter\" src=\"https:\/\/wohnbau-weilheim.de\/wp-content\/uploads\/2020\/05\/BM-072-2016-Hochfeldstr.-2224-Walserstr.-1315-Penzberg-7-k-300x200.jpg\" alt=\"\" width=\"300\" height=\"200\" srcset=\"https:\/\/wohnbau-weilheim.de\/wp-content\/uploads\/2020\/05\/BM-072-2016-Hochfeldstr.-2224-Walserstr.-1315-Penzberg-7-k-300x200.jpg 300w, https:\/\/wohnbau-weilheim.de\/wp-content\/uploads\/2020\/05\/BM-072-2016-Hochfeldstr.-2224-Walserstr.-1315-Penzberg-7-k-1024x682.jpg 1024w, https:\/\/wohnbau-weilheim.de\/wp-content\/uploads\/2020\/05\/BM-072-2016-Hochfeldstr.-2224-Walserstr.-1315-Penzberg-7-k-768x512.jpg 768w, https:\/\/wohnbau-weilheim.de\/wp-content\/uploads\/2020\/05\/BM-072-2016-Hochfeldstr.-2224-Walserstr.-1315-Penzberg-7-k-1536x1023.jpg 1536w, https:\/\/wohnbau-weilheim.de\/wp-content\/uploads\/2020\/05\/BM-072-2016-Hochfeldstr.-2224-Walserstr.-1315-Penzberg-7-k-1621x1080.jpg 1621w, https:\/\/wohnbau-weilheim.de\/wp-content\/uploads\/2020\/05\/BM-072-2016-Hochfeldstr.-2224-Walserstr.-1315-Penzberg-7-k.jpg 1732w\" sizes=\"(max-width: 300px) 100vw, 300px\" \/><\/p><\/div>\n<div id='sample_slider_slide07' class='sa_hover_container' style='padding:5% 5%; margin:0px 0%; background-color:rgb(217, 234, 211); '><p><img loading=\"lazy\" decoding=\"async\" class=\"alignnone size-medium wp-image-3383 aligncenter\" src=\"https:\/\/wohnbau-weilheim.de\/wp-content\/uploads\/2020\/05\/BM-072-2016-Hochfeldstr.-2224-Walserstr.-1315-Penzberg-2-k-300x200.jpg\" alt=\"\" width=\"300\" height=\"200\" srcset=\"https:\/\/wohnbau-weilheim.de\/wp-content\/uploads\/2020\/05\/BM-072-2016-Hochfeldstr.-2224-Walserstr.-1315-Penzberg-2-k-300x200.jpg 300w, https:\/\/wohnbau-weilheim.de\/wp-content\/uploads\/2020\/05\/BM-072-2016-Hochfeldstr.-2224-Walserstr.-1315-Penzberg-2-k-1024x682.jpg 1024w, https:\/\/wohnbau-weilheim.de\/wp-content\/uploads\/2020\/05\/BM-072-2016-Hochfeldstr.-2224-Walserstr.-1315-Penzberg-2-k-768x512.jpg 768w, https:\/\/wohnbau-weilheim.de\/wp-content\/uploads\/2020\/05\/BM-072-2016-Hochfeldstr.-2224-Walserstr.-1315-Penzberg-2-k-1536x1023.jpg 1536w, https:\/\/wohnbau-weilheim.de\/wp-content\/uploads\/2020\/05\/BM-072-2016-Hochfeldstr.-2224-Walserstr.-1315-Penzberg-2-k-1621x1080.jpg 1621w, https:\/\/wohnbau-weilheim.de\/wp-content\/uploads\/2020\/05\/BM-072-2016-Hochfeldstr.-2224-Walserstr.-1315-Penzberg-2-k.jpg 1732w\" sizes=\"(max-width: 300px) 100vw, 300px\" \/><\/p><\/div>\n<div id='sample_slider_slide09' class='sa_hover_container' style='padding:5% 5%; margin:0px 0%; background-color:rgb(217, 234, 211); '><p><img loading=\"lazy\" decoding=\"async\" class=\"alignnone size-medium wp-image-3385 aligncenter\" src=\"https:\/\/wohnbau-weilheim.de\/wp-content\/uploads\/2020\/05\/BM-072-2016-Hochfeldstr.-2224-Walserstr.-1315-Penzberg-11-k-300x200.jpg\" alt=\"\" width=\"300\" height=\"200\" srcset=\"https:\/\/wohnbau-weilheim.de\/wp-content\/uploads\/2020\/05\/BM-072-2016-Hochfeldstr.-2224-Walserstr.-1315-Penzberg-11-k-300x200.jpg 300w, https:\/\/wohnbau-weilheim.de\/wp-content\/uploads\/2020\/05\/BM-072-2016-Hochfeldstr.-2224-Walserstr.-1315-Penzberg-11-k-1024x682.jpg 1024w, https:\/\/wohnbau-weilheim.de\/wp-content\/uploads\/2020\/05\/BM-072-2016-Hochfeldstr.-2224-Walserstr.-1315-Penzberg-11-k-768x512.jpg 768w, https:\/\/wohnbau-weilheim.de\/wp-content\/uploads\/2020\/05\/BM-072-2016-Hochfeldstr.-2224-Walserstr.-1315-Penzberg-11-k-1536x1023.jpg 1536w, https:\/\/wohnbau-weilheim.de\/wp-content\/uploads\/2020\/05\/BM-072-2016-Hochfeldstr.-2224-Walserstr.-1315-Penzberg-11-k-1621x1080.jpg 1621w, https:\/\/wohnbau-weilheim.de\/wp-content\/uploads\/2020\/05\/BM-072-2016-Hochfeldstr.-2224-Walserstr.-1315-Penzberg-11-k.jpg 1732w\" sizes=\"(max-width: 300px) 100vw, 300px\" \/><\/p><\/div>\n<div id='sample_slider_slide05' class='sa_hover_container' style='padding:5% 5%; margin:0px 0%; background-color:rgb(217, 234, 211); '><p><img loading=\"lazy\" decoding=\"async\" class=\"alignnone size-medium wp-image-3380 aligncenter\" src=\"https:\/\/wohnbau-weilheim.de\/wp-content\/uploads\/2020\/05\/BM-063-Neue-Heimat-1-16-Penzberg-2016-1-k-300x200.jpg\" alt=\"\" width=\"300\" height=\"200\" srcset=\"https:\/\/wohnbau-weilheim.de\/wp-content\/uploads\/2020\/05\/BM-063-Neue-Heimat-1-16-Penzberg-2016-1-k-300x200.jpg 300w, https:\/\/wohnbau-weilheim.de\/wp-content\/uploads\/2020\/05\/BM-063-Neue-Heimat-1-16-Penzberg-2016-1-k-1024x682.jpg 1024w, https:\/\/wohnbau-weilheim.de\/wp-content\/uploads\/2020\/05\/BM-063-Neue-Heimat-1-16-Penzberg-2016-1-k-768x512.jpg 768w, https:\/\/wohnbau-weilheim.de\/wp-content\/uploads\/2020\/05\/BM-063-Neue-Heimat-1-16-Penzberg-2016-1-k-1536x1023.jpg 1536w, https:\/\/wohnbau-weilheim.de\/wp-content\/uploads\/2020\/05\/BM-063-Neue-Heimat-1-16-Penzberg-2016-1-k-1621x1080.jpg 1621w, https:\/\/wohnbau-weilheim.de\/wp-content\/uploads\/2020\/05\/BM-063-Neue-Heimat-1-16-Penzberg-2016-1-k.jpg 1732w\" sizes=\"(max-width: 300px) 100vw, 300px\" \/><\/p><\/div>\n<div id='sample_slider_slide02' class='sa_hover_container' style='padding:5% 5%; margin:0px 0%; background-color:rgb(217, 234, 211); '><p><img loading=\"lazy\" decoding=\"async\" class=\"alignnone size-medium wp-image-3377 aligncenter\" src=\"https:\/\/wohnbau-weilheim.de\/wp-content\/uploads\/2020\/05\/BM-009-Krottenkopfstr.-1357-Penzberg-2016-3-k-300x200.jpg\" alt=\"\" width=\"300\" height=\"200\" srcset=\"https:\/\/wohnbau-weilheim.de\/wp-content\/uploads\/2020\/05\/BM-009-Krottenkopfstr.-1357-Penzberg-2016-3-k-300x200.jpg 300w, https:\/\/wohnbau-weilheim.de\/wp-content\/uploads\/2020\/05\/BM-009-Krottenkopfstr.-1357-Penzberg-2016-3-k-1024x682.jpg 1024w, https:\/\/wohnbau-weilheim.de\/wp-content\/uploads\/2020\/05\/BM-009-Krottenkopfstr.-1357-Penzberg-2016-3-k-768x512.jpg 768w, https:\/\/wohnbau-weilheim.de\/wp-content\/uploads\/2020\/05\/BM-009-Krottenkopfstr.-1357-Penzberg-2016-3-k-1536x1023.jpg 1536w, https:\/\/wohnbau-weilheim.de\/wp-content\/uploads\/2020\/05\/BM-009-Krottenkopfstr.-1357-Penzberg-2016-3-k-1621x1080.jpg 1621w, https:\/\/wohnbau-weilheim.de\/wp-content\/uploads\/2020\/05\/BM-009-Krottenkopfstr.-1357-Penzberg-2016-3-k.jpg 1732w\" sizes=\"(max-width: 300px) 100vw, 300px\" \/><\/p><\/div>\n<div id='sample_slider_slide04' class='sa_hover_container' style='padding:5% 5%; margin:0px 0%; background-color:rgb(217, 234, 211); '><p><img loading=\"lazy\" decoding=\"async\" class=\"alignnone size-medium wp-image-3379 aligncenter\" src=\"https:\/\/wohnbau-weilheim.de\/wp-content\/uploads\/2020\/05\/BM-009-Krottenkopfstr.-1357-Penzberg-2016-5-k-300x200.jpg\" alt=\"\" width=\"300\" height=\"200\" srcset=\"https:\/\/wohnbau-weilheim.de\/wp-content\/uploads\/2020\/05\/BM-009-Krottenkopfstr.-1357-Penzberg-2016-5-k-300x200.jpg 300w, https:\/\/wohnbau-weilheim.de\/wp-content\/uploads\/2020\/05\/BM-009-Krottenkopfstr.-1357-Penzberg-2016-5-k-1024x682.jpg 1024w, https:\/\/wohnbau-weilheim.de\/wp-content\/uploads\/2020\/05\/BM-009-Krottenkopfstr.-1357-Penzberg-2016-5-k-768x512.jpg 768w, https:\/\/wohnbau-weilheim.de\/wp-content\/uploads\/2020\/05\/BM-009-Krottenkopfstr.-1357-Penzberg-2016-5-k-1536x1023.jpg 1536w, https:\/\/wohnbau-weilheim.de\/wp-content\/uploads\/2020\/05\/BM-009-Krottenkopfstr.-1357-Penzberg-2016-5-k-1621x1080.jpg 1621w, https:\/\/wohnbau-weilheim.de\/wp-content\/uploads\/2020\/05\/BM-009-Krottenkopfstr.-1357-Penzberg-2016-5-k.jpg 1732w\" sizes=\"(max-width: 300px) 100vw, 300px\" \/><\/p><\/div>\n<\/div>\n<\/div>\n<script type='text\/javascript'>\n\tjQuery(document).ready(function() {\n\t\tjQuery('#sample_slider').owlCarousel({\n\t\t\tresponsive:{\n\t\t\t\t0:{ items:1 },\n\t\t\t\t480:{ items:2 },\n\t\t\t\t768:{ items:3 },\n\t\t\t\t980:{ items:3 },\n\t\t\t\t1200:{ items:3 },\n\t\t\t\t1500:{ items:3 }\n\t\t\t},\n\t\t\tautoplay : true,\n\t\t\tautoplayTimeout : 4000,\n\t\t\tautoplayHoverPause : true,\n\t\t\tsmartSpeed : 300,\n\t\t\tfluidSpeed : 300,\n\t\t\tautoplaySpeed : 300,\n\t\t\tnavSpeed : 300,\n\t\t\tdotsSpeed : 300,\n\t\t\tloop : true,\n\t\t\tnav : true,\n\t\t\tnavText : ['Previous','Next'],\n\t\t\tdots : true,\n\t\t\tresponsiveRefreshRate : 200,\n\t\t\tslideBy : 1,\n\t\t\tmergeFit : true,\n\t\t\tautoHeight : false,\n\t\t\tmouseDrag : false,\n\t\t\ttouchDrag : true\n\t\t});\n\t\tjQuery('#sample_slider').css('visibility', 'visible');\n\t\tsa_resize_sample_slider();\n\t\twindow.addEventListener('resize', sa_resize_sample_slider);\n\t\tfunction sa_resize_sample_slider() {\n\t\t\tvar min_height = '50';\n\t\t\tvar win_width = jQuery(window).width();\n\t\t\tvar slider_width = jQuery('#sample_slider').width();\n\t\t\tif (win_width < 480) {\n\t\t\t\tvar slide_width = slider_width \/ 1;\n\t\t\t} else if (win_width < 768) {\n\t\t\t\tvar slide_width = slider_width \/ 2;\n\t\t\t} else if (win_width < 980) {\n\t\t\t\tvar slide_width = slider_width \/ 3;\n\t\t\t} else if (win_width < 1200) {\n\t\t\t\tvar slide_width = slider_width \/ 3;\n\t\t\t} else if (win_width < 1500) {\n\t\t\t\tvar slide_width = slider_width \/ 3;\n\t\t\t} else {\n\t\t\t\tvar slide_width = slider_width \/ 3;\n\t\t\t}\n\t\t\tslide_width = Math.round(slide_width);\n\t\t\tvar slide_height = '0';\n\t\t\tif (min_height == 'aspect43') {\n\t\t\t\tslide_height = (slide_width \/ 4) * 3;\t\t\t\tslide_height = Math.round(slide_height);\n\t\t\t} else if (min_height == 'aspect169') {\n\t\t\t\tslide_height = (slide_width \/ 16) * 9;\t\t\t\tslide_height = Math.round(slide_height);\n\t\t\t} else {\n\t\t\t\tslide_height = (slide_width \/ 100) * min_height;\t\t\t\tslide_height = Math.round(slide_height);\n\t\t\t}\n\t\t\tjQuery('#sample_slider .owl-item .sa_hover_container').css('min-height', slide_height+'px');\n\t\t}\n\t\tvar owl_goto = jQuery('#sample_slider');\n\t\tjQuery('.sample_slider_goto1').click(function(event){\n\t\t\towl_goto.trigger('to.owl.carousel', 0);\n\t\t});\n\t\tjQuery('.sample_slider_goto2').click(function(event){\n\t\t\towl_goto.trigger('to.owl.carousel', 1);\n\t\t});\n\t\tjQuery('.sample_slider_goto3').click(function(event){\n\t\t\towl_goto.trigger('to.owl.carousel', 2);\n\t\t});\n\t\tjQuery('.sample_slider_goto4').click(function(event){\n\t\t\towl_goto.trigger('to.owl.carousel', 3);\n\t\t});\n\t\tjQuery('.sample_slider_goto5').click(function(event){\n\t\t\towl_goto.trigger('to.owl.carousel', 4);\n\t\t});\n\t\tjQuery('.sample_slider_goto6').click(function(event){\n\t\t\towl_goto.trigger('to.owl.carousel', 5);\n\t\t});\n\t\tjQuery('.sample_slider_goto7').click(function(event){\n\t\t\towl_goto.trigger('to.owl.carousel', 6);\n\t\t});\n\t\tjQuery('.sample_slider_goto8').click(function(event){\n\t\t\towl_goto.trigger('to.owl.carousel', 7);\n\t\t});\n\t\tjQuery('.sample_slider_goto9').click(function(event){\n\t\t\towl_goto.trigger('to.owl.carousel', 8);\n\t\t});\n\t\tjQuery('.sample_slider_goto10').click(function(event){\n\t\t\towl_goto.trigger('to.owl.carousel', 9);\n\t\t});\n\t\tvar resize_1928 = jQuery('.owl-carousel');\n\t\tresize_1928.on('initialized.owl.carousel', function(e) {\n\t\t\tif (typeof(Event) === 'function') {\n\t\t\t\twindow.dispatchEvent(new Event('resize'));\n\t\t\t} else {\n\t\t\t\tvar evt = window.document.createEvent('UIEvents');\n\t\t\t\tevt.initUIEvent('resize', true, false, window, 0);\n\t\t\t\twindow.dispatchEvent(evt);\n\t\t\t}\n\t\t});\n\t});\n<\/script>\n\n\n\n\n<br class=\"clear\">\n\n\n\n<br class=\"clear\">\n\n\n\n<p class=\"has-text-align-center\">Click on a site to find out more:<\/p>\n\n\n\n<p class=\"has-text-align-center\"><a href=\"https:\/\/wohnbau-weilheim.de\/en\/wohnanlagen\/bernried\/\">Bernried am Starnberger See<\/a>    |   <a href=\"https:\/\/wohnbau-weilheim.de\/en\/wohnanlagen\/iffeldorf\/\">Iffeldorf<\/a>   |   <a href=\"https:\/\/wohnbau-weilheim.de\/en\/wohnanlagen\/murnau-am-staffelsee\/\">Murnau am Staffelsee<\/a>   |   <a href=\"https:\/\/wohnbau-weilheim.de\/en\/wohnanlagen\/peissenberg\/\">Pei\u00dfenberg<\/a>   |   <a href=\"https:\/\/wohnbau-weilheim.de\/en\/wohnanlagen\/penzberg\/\">Penzberg<\/a><br><a href=\"https:\/\/wohnbau-weilheim.de\/en\/wohnanlagen\/seeshaupt\/\">Seeshaupt am Starnberger See<\/a>   |   <a href=\"https:\/\/wohnbau-weilheim.de\/en\/wohnanlagen\/uffing-am-staffelsee\/\">Uffing am Staffelsee<\/a>   |   <a href=\"https:\/\/wohnbau-weilheim.de\/en\/wohnanlagen\/weilheim-i-ob\/\">Weilheim i.OB<\/a>   |   <a href=\"https:\/\/wohnbau-weilheim.de\/en\/wohnanlagen\/wielenbach\/\">Wielenbach<\/a><\/p>\n\n\n\n<br class=\"clear\">\n","protected":false},"excerpt":{"rendered":"<p>Penzberg With around 16,909 inhabitants, the town of Penzberg is situated in the Upper Bavariandistrict of Weilheim-Schongau. It is situated around 600 m above sea level and covers an area of 25.72 km\u00b2. The joint management of the 20 municipal regions is located at Karlstra\u00dfe 25, 82377 Penzberg. Around 370 apartments are rented out in&hellip; <br \/> <a class=\"read-more\" href=\"https:\/\/wohnbau-weilheim.de\/en\/u%cc%88ber-uns\/wohnanlagen\/penzberg\/\">Read more<\/a><\/p>\n","protected":false},"author":1,"featured_media":0,"parent":3985,"menu_order":0,"comment_status":"closed","ping_status":"closed","template":"","meta":{"_acf_changed":false,"footnotes":""},"acf":[],"_links":{"self":[{"href":"https:\/\/wohnbau-weilheim.de\/en\/wp-json\/wp\/v2\/pages\/3996"}],"collection":[{"href":"https:\/\/wohnbau-weilheim.de\/en\/wp-json\/wp\/v2\/pages"}],"about":[{"href":"https:\/\/wohnbau-weilheim.de\/en\/wp-json\/wp\/v2\/types\/page"}],"author":[{"embeddable":true,"href":"https:\/\/wohnbau-weilheim.de\/en\/wp-json\/wp\/v2\/users\/1"}],"replies":[{"embeddable":true,"href":"https:\/\/wohnbau-weilheim.de\/en\/wp-json\/wp\/v2\/comments?post=3996"}],"version-history":[{"count":8,"href":"https:\/\/wohnbau-weilheim.de\/en\/wp-json\/wp\/v2\/pages\/3996\/revisions"}],"predecessor-version":[{"id":8563,"href":"https:\/\/wohnbau-weilheim.de\/en\/wp-json\/wp\/v2\/pages\/3996\/revisions\/8563"}],"up":[{"embeddable":true,"href":"https:\/\/wohnbau-weilheim.de\/en\/wp-json\/wp\/v2\/pages\/3985"}],"wp:attachment":[{"href":"https:\/\/wohnbau-weilheim.de\/en\/wp-json\/wp\/v2\/media?parent=3996"}],"curies":[{"name":"wp","href":"https:\/\/api.w.org\/{rel}","templated":true}]}}